{"id":4393,"date":"2019-05-06T14:41:54","date_gmt":"2019-05-06T13:41:54","guid":{"rendered":"https:\/\/www.caftan4you.com\/?post_type=product&#038;p=4393"},"modified":"2023-04-15T17:30:45","modified_gmt":"2023-04-15T16:30:45","slug":"djellaba-blanche-marocaine","status":"publish","type":"product","link":"https:\/\/www.caftan4you.com\/nl\/product\/djellaba-wit-marokkaan\/","title":{"rendered":"Witte Djellaba Youss"},"content":{"rendered":"","protected":false},"excerpt":{"rendered":"<p>Gebroken witte Djellaba met kap, gemaakt van Liliane's mlifa (katoen) stof, fijn versierd op de buste en de mouwen met mooi groen en taupe borduurwerk, perfect voor een Hanna (Henna) avond.<\/p>","protected":false},"featured_media":6950,"comment_status":"open","ping_status":"closed","template":"","meta":{"_seopress_robots_primary_cat":"86","_seopress_titles_title":"Djellaba Coton blanc cass\u00e9 borderie verte par Caftan4You","_seopress_titles_desc":"Djellaba Blanc cass\u00e9 \u00e0 capuche faite d\u2019un tissu en mlifa (coton) de chez Liliane. Elle est agr\u00e9ment\u00e9e sur le buste et les manches de jolie broderie verte et taupe.","_seopress_robots_index":""},"product_cat":[86],"product_tag":[],"class_list":{"0":"post-4393","1":"product","2":"type-product","3":"status-publish","4":"has-post-thumbnail","6":"product_cat-djellaba-femme","7":"pa_marque-caftan-prestige","9":"first","10":"outofstock","11":"taxable","12":"shipping-taxable","13":"purchasable","14":"product-type-variable","15":"has-default-attributes","swatches":"rey-swatches","show_selected":"rey-swatches--show-selected--name","stretch_labels":"rey-swatches--stretch-labels"},"acf":[],"_links":{"self":[{"href":"https:\/\/www.caftan4you.com\/nl\/wp-json\/wp\/v2\/product\/4393","targetHints":{"allow":["GET"]}}],"collection":[{"href":"https:\/\/www.caftan4you.com\/nl\/wp-json\/wp\/v2\/product"}],"about":[{"href":"https:\/\/www.caftan4you.com\/nl\/wp-json\/wp\/v2\/types\/product"}],"replies":[{"embeddable":true,"href":"https:\/\/www.caftan4you.com\/nl\/wp-json\/wp\/v2\/comments?post=4393"}],"wp:featuredmedia":[{"embeddable":true,"href":"https:\/\/www.caftan4you.com\/nl\/wp-json\/wp\/v2\/media\/6950"}],"wp:attachment":[{"href":"https:\/\/www.caftan4you.com\/nl\/wp-json\/wp\/v2\/media?parent=4393"}],"wp:term":[{"taxonomy":"product_cat","embeddable":true,"href":"https:\/\/www.caftan4you.com\/nl\/wp-json\/wp\/v2\/product_cat?post=4393"},{"taxonomy":"product_tag","embeddable":true,"href":"https:\/\/www.caftan4you.com\/nl\/wp-json\/wp\/v2\/product_tag?post=4393"}],"curies":[{"name":"wp","href":"https:\/\/api.w.org\/{rel}","templated":true}]}}