{"id":4367,"date":"2019-05-06T14:23:42","date_gmt":"2019-05-06T13:23:42","guid":{"rendered":"https:\/\/www.caftan4you.com\/?post_type=product&#038;p=4367"},"modified":"2023-05-11T21:00:10","modified_gmt":"2023-05-11T20:00:10","slug":"djellaba-marocaine-bleu","status":"publish","type":"product","link":"https:\/\/www.caftan4you.com\/nl\/product\/djellaba-marokkaans-blauw\/","title":{"rendered":"Djellaba Blue Neyla"},"content":{"rendered":"","protected":false},"excerpt":{"rendered":"<div class=\"woocommerce-product-details__short-description\">\n<p>Maak een statement in de hemelsblauwe jellaba! Deze lichte, ademende cr\u00eape van zijde is perfect gemaakt voor een flatterende pasvorm, terwijl de Jeblia-snit en het ingewikkelde borduursel een vleugje elegantie toevoegen. Ga in stijl de deur uit met dit tijdloze stuk - u zult er geen spijt van krijgen...<\/p>\n<\/div>","protected":false},"featured_media":53745,"comment_status":"open","ping_status":"closed","template":"","meta":{"_seopress_robots_primary_cat":"86","_seopress_titles_title":"Djellaba Bleu Ciel en cr\u00eape de soie l\u00e9ger et respirant by Caftan4You","_seopress_titles_desc":"Djellaba bleu clair \u00e0 capuche et manches longues, faite d\u2019un tissu cr\u00eape. Sortez avec style en portant cette pi\u00e8ce intemporelle","_seopress_robots_index":""},"product_cat":[86],"product_tag":[],"class_list":{"0":"post-4367","1":"product","2":"type-product","3":"status-publish","4":"has-post-thumbnail","6":"product_cat-djellaba-femme","7":"pa_marque-empire-du-caftan","9":"first","10":"instock","11":"sale","12":"taxable","13":"shipping-taxable","14":"purchasable","15":"product-type-variable","16":"has-default-attributes","swatches":"rey-swatches","show_selected":"rey-swatches--show-selected--name","stretch_labels":"rey-swatches--stretch-labels"},"acf":[],"_links":{"self":[{"href":"https:\/\/www.caftan4you.com\/nl\/wp-json\/wp\/v2\/product\/4367","targetHints":{"allow":["GET"]}}],"collection":[{"href":"https:\/\/www.caftan4you.com\/nl\/wp-json\/wp\/v2\/product"}],"about":[{"href":"https:\/\/www.caftan4you.com\/nl\/wp-json\/wp\/v2\/types\/product"}],"replies":[{"embeddable":true,"href":"https:\/\/www.caftan4you.com\/nl\/wp-json\/wp\/v2\/comments?post=4367"}],"wp:featuredmedia":[{"embeddable":true,"href":"https:\/\/www.caftan4you.com\/nl\/wp-json\/wp\/v2\/media\/53745"}],"wp:attachment":[{"href":"https:\/\/www.caftan4you.com\/nl\/wp-json\/wp\/v2\/media?parent=4367"}],"wp:term":[{"taxonomy":"product_cat","embeddable":true,"href":"https:\/\/www.caftan4you.com\/nl\/wp-json\/wp\/v2\/product_cat?post=4367"},{"taxonomy":"product_tag","embeddable":true,"href":"https:\/\/www.caftan4you.com\/nl\/wp-json\/wp\/v2\/product_tag?post=4367"}],"curies":[{"name":"wp","href":"https:\/\/api.w.org\/{rel}","templated":true}]}}