{"id":879,"date":"2012-11-28T19:52:38","date_gmt":"2012-11-28T18:52:38","guid":{"rendered":"https:\/\/www.caftan4you.com\/?page_id=879"},"modified":"2023-03-08T18:57:27","modified_gmt":"2023-03-08T17:57:27","slug":"a-propos","status":"publish","type":"page","link":"https:\/\/www.caftan4you.com\/nl\/a-propos\/","title":{"rendered":"Wie zijn wij?"},"content":{"rendered":"<div data-elementor-type=\"wp-page\" data-elementor-id=\"879\" class=\"elementor elementor-879\">\n\t\t\t\t\t\t<section class=\"elementor-section elementor-top-section elementor-element elementor-element-3fa416ff elementor-section-boxed elementor-section-height-default elementor-section-height-default\" data-id=\"3fa416ff\" data-element_type=\"section\">\n\t\t\t\t\t\t<div class=\"elementor-container elementor-column-gap-default\">\n\t\t\t\t\t<div class=\"elementor-column elementor-col-100 elementor-top-column elementor-element elementor-element-1cb08d0b\" data-id=\"1cb08d0b\" data-element_type=\"column\">\n\t\t\t<div class=\"elementor-column-wrap--1cb08d0b elementor-widget-wrap elementor-element-populated\">\n\t\t\t\t\t\t<div class=\"elementor-element elementor-element-e93ecb2 elementor-widget elementor-widget-text-editor\" data-id=\"e93ecb2\" data-element_type=\"widget\" data-widget_type=\"text-editor.default\">\n\t\t\t\t<div class=\"elementor-widget-container\">\n\t\t\t\t\t\t\t<h2 style=\"text-align: center; font-size: 30px;\">Wie zijn wij?<\/h2>\r\nDames, allereerst heet ik u van harte welkom in de nieuwe referentieshop \"Caftan4you\". Nieuwe trends, nieuwe modellen, modieuze ontwerpers, internationale evenementen, de cr\u00e8me de la cr\u00e8me van Marokkaanse jurken staan hier tot uw beschikking!  Als er mode op de catwalks is, dan vindt u op Caftan4you.com modellen tegen onklopbare prijzen...!!!!  Verdiep je in de kledingstijlen van onze community, laat je inspireren, koop, stem en laat ons vooral weten wat je ervan vindt... Site gemaakt door het Agentschap <a href=\"https:\/\/www.webndigital.com\" target=\"_blank\" rel=\"follow noopener noreferrer\">WebnDigital<\/a>\t\t\t\t\t\t<\/div>\n\t\t\t\t<\/div>\n\t\t\t\t\t<\/div>\n\t\t<\/div>\n\t\t\t\t\t<\/div>\n\t\t<\/section>\n\t\t\t\t<\/div>","protected":false},"excerpt":{"rendered":"<p>Wie zijn wij? Dames, allereerst wil ik u van harte welkom heten in de nieuwe referentieshop \"Caftan4you\". Nieuwe trends, nieuwe modellen, modieuze ontwerpers, internationale evenementen, alle beste Marokkaanse jurken tot uw beschikking hier! Als er mode is op de catwalks, dan is het op Caftan4you.com dat [...]<\/p>","protected":false},"author":2,"featured_media":4416,"parent":0,"menu_order":0,"comment_status":"closed","ping_status":"closed","template":"","meta":{"_seopress_robots_primary_cat":"","_seopress_titles_title":"Qui sommes nous ? Caftan4You","_seopress_titles_desc":"Nouvelles tendances, nouveaux mod\u00e8les, stylistes en vogue, \u00e9v\u00e9nements internationaux, toute la cr\u00e8me des robes marocaines \u00e0 votre disposition ici !","_seopress_robots_index":"","footnotes":""},"class_list":["post-879","page","type-page","status-publish","has-post-thumbnail"],"acf":[],"_links":{"self":[{"href":"https:\/\/www.caftan4you.com\/nl\/wp-json\/wp\/v2\/pages\/879","targetHints":{"allow":["GET"]}}],"collection":[{"href":"https:\/\/www.caftan4you.com\/nl\/wp-json\/wp\/v2\/pages"}],"about":[{"href":"https:\/\/www.caftan4you.com\/nl\/wp-json\/wp\/v2\/types\/page"}],"author":[{"embeddable":true,"href":"https:\/\/www.caftan4you.com\/nl\/wp-json\/wp\/v2\/users\/2"}],"replies":[{"embeddable":true,"href":"https:\/\/www.caftan4you.com\/nl\/wp-json\/wp\/v2\/comments?post=879"}],"version-history":[{"count":4,"href":"https:\/\/www.caftan4you.com\/nl\/wp-json\/wp\/v2\/pages\/879\/revisions"}],"predecessor-version":[{"id":53768,"href":"https:\/\/www.caftan4you.com\/nl\/wp-json\/wp\/v2\/pages\/879\/revisions\/53768"}],"wp:featuredmedia":[{"embeddable":true,"href":"https:\/\/www.caftan4you.com\/nl\/wp-json\/wp\/v2\/media\/4416"}],"wp:attachment":[{"href":"https:\/\/www.caftan4you.com\/nl\/wp-json\/wp\/v2\/media?parent=879"}],"curies":[{"name":"wp","href":"https:\/\/api.w.org\/{rel}","templated":true}]}}