{"id":7673,"date":"2022-10-01T14:33:35","date_gmt":"2022-10-01T13:33:35","guid":{"rendered":"https:\/\/www.caftan4you.com\/?post_type=product&#038;p=7673"},"modified":"2023-04-15T17:26:01","modified_gmt":"2023-04-15T16:26:01","slug":"djellaba-jawhara-bleu","status":"publish","type":"product","link":"https:\/\/www.caftan4you.com\/en\/product\/djellaba-jawhara-blue\/","title":{"rendered":"Djellaba Jawhara Blue"},"content":{"rendered":"","protected":false},"excerpt":{"rendered":"<div class=\"woocommerce-product-details__short-description\">\n<p>Blue Jawhara Djellaba with hood and long sleeves 2 pieces, made of a simple blue satin caftan with short sleeves and a jawhara fabric on top.<\/p>\n<\/div>","protected":false},"featured_media":7679,"comment_status":"open","ping_status":"closed","template":"","meta":{"_seopress_robots_primary_cat":"86","_seopress_titles_title":"Djellaba Jawhara Bleu \u00e0 capuche 2 pi\u00e8ces par Caftan4You","_seopress_titles_desc":"Djellaba Jawhara Bleu \u00e0 capuche et manches longues 2 pi\u00e8ces, faite d\u2019un caftan simple en satin bleu manches courtes et dessus un tissu en jawhara.","_seopress_robots_index":""},"product_cat":[86],"product_tag":[],"class_list":{"0":"post-7673","1":"product","2":"type-product","3":"status-publish","4":"has-post-thumbnail","6":"product_cat-djellaba-femme","7":"pa_marque-caftan-prestige","9":"first","10":"outofstock","11":"taxable","12":"shipping-taxable","13":"purchasable","14":"product-type-variable","15":"has-default-attributes","swatches":"rey-swatches","show_selected":"rey-swatches--show-selected--name","stretch_labels":"rey-swatches--stretch-labels"},"acf":[],"_links":{"self":[{"href":"https:\/\/www.caftan4you.com\/en\/wp-json\/wp\/v2\/product\/7673","targetHints":{"allow":["GET"]}}],"collection":[{"href":"https:\/\/www.caftan4you.com\/en\/wp-json\/wp\/v2\/product"}],"about":[{"href":"https:\/\/www.caftan4you.com\/en\/wp-json\/wp\/v2\/types\/product"}],"replies":[{"embeddable":true,"href":"https:\/\/www.caftan4you.com\/en\/wp-json\/wp\/v2\/comments?post=7673"}],"wp:featuredmedia":[{"embeddable":true,"href":"https:\/\/www.caftan4you.com\/en\/wp-json\/wp\/v2\/media\/7679"}],"wp:attachment":[{"href":"https:\/\/www.caftan4you.com\/en\/wp-json\/wp\/v2\/media?parent=7673"}],"wp:term":[{"taxonomy":"product_cat","embeddable":true,"href":"https:\/\/www.caftan4you.com\/en\/wp-json\/wp\/v2\/product_cat?post=7673"},{"taxonomy":"product_tag","embeddable":true,"href":"https:\/\/www.caftan4you.com\/en\/wp-json\/wp\/v2\/product_tag?post=7673"}],"curies":[{"name":"wp","href":"https:\/\/api.w.org\/{rel}","templated":true}]}}