{"id":7061,"date":"2019-10-04T08:01:58","date_gmt":"2019-10-04T07:01:58","guid":{"rendered":"https:\/\/www.caftan4you.com\/?post_type=product&#038;p=7061"},"modified":"2023-04-15T16:51:48","modified_gmt":"2023-04-15T15:51:48","slug":"caftan-jaune-velours","status":"publish","type":"product","link":"https:\/\/www.caftan4you.com\/en\/product\/caftan-yellow-velvet\/","title":{"rendered":"Yellow Velvet Caftan"},"content":{"rendered":"","protected":false},"excerpt":{"rendered":"<p>Beautiful caftan in yellow velvet decorated with embroidery, beads and rhinestones. Model long sleeves, sfifa and bronze aakads on the entire length and on the shoulders.<br \/>\nMatching belt offered.<\/p>","protected":false},"featured_media":7068,"comment_status":"open","ping_status":"closed","template":"","meta":{"_seopress_robots_primary_cat":"700","_seopress_titles_title":"Caftan Jaune Velours Marocaine par Caftan4You","_seopress_titles_desc":"Jolie caftan en velours jaune orn\u00e9s de broderies, perles et strass. Mod\u00e8le manche longues, sfifa et aakads bronze sur toute la longueur ainsi que sur les \u00e9paules.","_seopress_robots_index":""},"product_cat":[700],"product_tag":[],"class_list":{"0":"post-7061","1":"product","2":"type-product","3":"status-publish","4":"has-post-thumbnail","6":"product_cat-caftan-en-ligne","7":"pa_marque-caftan-prestige","9":"first","10":"outofstock","11":"taxable","12":"shipping-taxable","13":"purchasable","14":"product-type-variable","15":"has-default-attributes","swatches":"rey-swatches","show_selected":"rey-swatches--show-selected--name","stretch_labels":"rey-swatches--stretch-labels"},"acf":[],"_links":{"self":[{"href":"https:\/\/www.caftan4you.com\/en\/wp-json\/wp\/v2\/product\/7061","targetHints":{"allow":["GET"]}}],"collection":[{"href":"https:\/\/www.caftan4you.com\/en\/wp-json\/wp\/v2\/product"}],"about":[{"href":"https:\/\/www.caftan4you.com\/en\/wp-json\/wp\/v2\/types\/product"}],"replies":[{"embeddable":true,"href":"https:\/\/www.caftan4you.com\/en\/wp-json\/wp\/v2\/comments?post=7061"}],"wp:featuredmedia":[{"embeddable":true,"href":"https:\/\/www.caftan4you.com\/en\/wp-json\/wp\/v2\/media\/7068"}],"wp:attachment":[{"href":"https:\/\/www.caftan4you.com\/en\/wp-json\/wp\/v2\/media?parent=7061"}],"wp:term":[{"taxonomy":"product_cat","embeddable":true,"href":"https:\/\/www.caftan4you.com\/en\/wp-json\/wp\/v2\/product_cat?post=7061"},{"taxonomy":"product_tag","embeddable":true,"href":"https:\/\/www.caftan4you.com\/en\/wp-json\/wp\/v2\/product_tag?post=7061"}],"curies":[{"name":"wp","href":"https:\/\/api.w.org\/{rel}","templated":true}]}}