{"id":6990,"date":"2019-10-03T12:37:01","date_gmt":"2019-10-03T11:37:01","guid":{"rendered":"https:\/\/www.caftan4you.com\/?post_type=product&#038;p=6990"},"modified":"2023-04-15T16:52:35","modified_gmt":"2023-04-15T15:52:35","slug":"gandoura-marocaine-bleu","status":"publish","type":"product","link":"https:\/\/www.caftan4you.com\/en\/product\/gandoura-moroccan-blue\/","title":{"rendered":"Gandoura Azur"},"content":{"rendered":"","protected":false},"excerpt":{"rendered":"<p>Gandoura made in two fabrics, a beautiful light blue satin without sleeves underneath. Above a pretty light blue muslin with long sleeves, on the bust beautiful beaded embroidery embellished with rhinestones. The sfifa and aakads are white and bronze.<\/p>","protected":false},"featured_media":6996,"comment_status":"open","ping_status":"closed","template":"","meta":{"_seopress_robots_primary_cat":"668","_seopress_titles_title":"Gandoura Bleu Marocaine en Mousseline par Caftan4You","_seopress_titles_desc":"Gandoura Marocaine faite en deux tissus, un beau satin bleu clair sans manches dessous. Dessus une jolie mousseline bleu clair avec manches longues, sur le buste de belles broderies perl\u00e9es agr\u00e9ment\u00e9es de Strass. La sfifa et les aakads sont de couleur blanche et bronze.","_seopress_robots_index":""},"product_cat":[668],"product_tag":[],"class_list":{"0":"post-6990","1":"product","2":"type-product","3":"status-publish","4":"has-post-thumbnail","6":"product_cat-gandoura-femme","7":"pa_marque-caftan-prestige","9":"first","10":"outofstock","11":"taxable","12":"shipping-taxable","13":"purchasable","14":"product-type-variable","15":"has-default-attributes","swatches":"rey-swatches","show_selected":"rey-swatches--show-selected--name","stretch_labels":"rey-swatches--stretch-labels"},"acf":[],"_links":{"self":[{"href":"https:\/\/www.caftan4you.com\/en\/wp-json\/wp\/v2\/product\/6990","targetHints":{"allow":["GET"]}}],"collection":[{"href":"https:\/\/www.caftan4you.com\/en\/wp-json\/wp\/v2\/product"}],"about":[{"href":"https:\/\/www.caftan4you.com\/en\/wp-json\/wp\/v2\/types\/product"}],"replies":[{"embeddable":true,"href":"https:\/\/www.caftan4you.com\/en\/wp-json\/wp\/v2\/comments?post=6990"}],"wp:featuredmedia":[{"embeddable":true,"href":"https:\/\/www.caftan4you.com\/en\/wp-json\/wp\/v2\/media\/6996"}],"wp:attachment":[{"href":"https:\/\/www.caftan4you.com\/en\/wp-json\/wp\/v2\/media?parent=6990"}],"wp:term":[{"taxonomy":"product_cat","embeddable":true,"href":"https:\/\/www.caftan4you.com\/en\/wp-json\/wp\/v2\/product_cat?post=6990"},{"taxonomy":"product_tag","embeddable":true,"href":"https:\/\/www.caftan4you.com\/en\/wp-json\/wp\/v2\/product_tag?post=6990"}],"curies":[{"name":"wp","href":"https:\/\/api.w.org\/{rel}","templated":true}]}}