{"id":4261,"date":"2019-05-06T13:20:27","date_gmt":"2019-05-06T12:20:27","guid":{"rendered":"https:\/\/www.caftan4you.com\/?post_type=product&#038;p=4261"},"modified":"2023-05-11T20:59:51","modified_gmt":"2023-05-11T19:59:51","slug":"djellaba-noire-marocaine","status":"publish","type":"product","link":"https:\/\/www.caftan4you.com\/en\/product\/djellaba-black-moroccan\/","title":{"rendered":"Black Djellaba Tysia"},"content":{"rendered":"","protected":false},"excerpt":{"rendered":"<p>Make a lasting impression with the JELLABA NOIR, the perfect combination of elegance and refinement. Hand-beaded and crafted to perfection with the iconic Jeblia cut, this exclusive model is sure to turn heads on any occasion. Upgrade your wardrobe today and discover true luxury with L'EMPIRE DU CAFTAN!<\/p>","protected":false},"featured_media":53763,"comment_status":"open","ping_status":"closed","template":"","meta":{"_seopress_robots_primary_cat":"86","_seopress_titles_title":"Djellaba Noire Collection Empire du Caftan","_seopress_titles_desc":"Faites une impression durable avec la JELLABA NOIR, la combinaison parfaite d&#039;\u00e9l\u00e9gance et de raffinir\u00e9. Perl\u00e9e \u00e0 la main et confectionn\u00e9 \u00e0 la perfection avec la coupe embl\u00e9matique Jeblia","_seopress_robots_index":""},"product_cat":[86],"product_tag":[],"class_list":{"0":"post-4261","1":"product","2":"type-product","3":"status-publish","4":"has-post-thumbnail","6":"product_cat-djellaba-femme","7":"pa_marque-empire-du-caftan","9":"first","10":"instock","11":"sale","12":"taxable","13":"shipping-taxable","14":"purchasable","15":"product-type-variable","16":"has-default-attributes","swatches":"rey-swatches","show_selected":"rey-swatches--show-selected--name","stretch_labels":"rey-swatches--stretch-labels"},"acf":[],"_links":{"self":[{"href":"https:\/\/www.caftan4you.com\/en\/wp-json\/wp\/v2\/product\/4261","targetHints":{"allow":["GET"]}}],"collection":[{"href":"https:\/\/www.caftan4you.com\/en\/wp-json\/wp\/v2\/product"}],"about":[{"href":"https:\/\/www.caftan4you.com\/en\/wp-json\/wp\/v2\/types\/product"}],"replies":[{"embeddable":true,"href":"https:\/\/www.caftan4you.com\/en\/wp-json\/wp\/v2\/comments?post=4261"}],"wp:featuredmedia":[{"embeddable":true,"href":"https:\/\/www.caftan4you.com\/en\/wp-json\/wp\/v2\/media\/53763"}],"wp:attachment":[{"href":"https:\/\/www.caftan4you.com\/en\/wp-json\/wp\/v2\/media?parent=4261"}],"wp:term":[{"taxonomy":"product_cat","embeddable":true,"href":"https:\/\/www.caftan4you.com\/en\/wp-json\/wp\/v2\/product_cat?post=4261"},{"taxonomy":"product_tag","embeddable":true,"href":"https:\/\/www.caftan4you.com\/en\/wp-json\/wp\/v2\/product_tag?post=4261"}],"curies":[{"name":"wp","href":"https:\/\/api.w.org\/{rel}","templated":true}]}}