{"id":7664,"date":"2022-09-22T14:16:42","date_gmt":"2022-09-22T13:16:42","guid":{"rendered":"https:\/\/www.caftan4you.com\/?post_type=product&#038;p=7664"},"modified":"2023-04-15T16:57:36","modified_gmt":"2023-04-15T15:57:36","slug":"djellaba-jawhara-noir","status":"publish","type":"product","link":"https:\/\/www.caftan4you.com\/de\/product\/djellaba-jawhara-schwarz\/","title":{"rendered":"Djellaba Jawhara Schwarz"},"content":{"rendered":"","protected":false},"excerpt":{"rendered":"<div class=\"woocommerce-product-details__short-description\">\n<p>Schwarze, zweiteilige Djellaba Jawhara mit Kapuze und langen \u00c4rmeln. Sie besteht aus einem einfachen Kaftan aus schwarzem Satin und dar\u00fcber einem Stoff aus Jawhara.<\/p>\n<\/div>","protected":false},"featured_media":7670,"comment_status":"open","ping_status":"closed","template":"","meta":{"_seopress_robots_primary_cat":"86","_seopress_titles_title":"Djellaba Jawhara Noire \u00e0 capuche 2 pi\u00e8ces par Caftan4You","_seopress_titles_desc":"Djellaba Jawhara Noire \u00e0 capuche et manches longues 2 pi\u00e8ces, faite d\u2019un caftan simple en satin noir et dessus un tissu en jawhara.","_seopress_robots_index":""},"product_cat":[86],"product_tag":[],"class_list":{"0":"post-7664","1":"product","2":"type-product","3":"status-publish","4":"has-post-thumbnail","6":"product_cat-djellaba-femme","7":"pa_marque-caftan-prestige","9":"first","10":"outofstock","11":"taxable","12":"shipping-taxable","13":"purchasable","14":"product-type-variable","15":"has-default-attributes","swatches":"rey-swatches","show_selected":"rey-swatches--show-selected--name","stretch_labels":"rey-swatches--stretch-labels"},"acf":[],"_links":{"self":[{"href":"https:\/\/www.caftan4you.com\/de\/wp-json\/wp\/v2\/product\/7664","targetHints":{"allow":["GET"]}}],"collection":[{"href":"https:\/\/www.caftan4you.com\/de\/wp-json\/wp\/v2\/product"}],"about":[{"href":"https:\/\/www.caftan4you.com\/de\/wp-json\/wp\/v2\/types\/product"}],"replies":[{"embeddable":true,"href":"https:\/\/www.caftan4you.com\/de\/wp-json\/wp\/v2\/comments?post=7664"}],"wp:featuredmedia":[{"embeddable":true,"href":"https:\/\/www.caftan4you.com\/de\/wp-json\/wp\/v2\/media\/7670"}],"wp:attachment":[{"href":"https:\/\/www.caftan4you.com\/de\/wp-json\/wp\/v2\/media?parent=7664"}],"wp:term":[{"taxonomy":"product_cat","embeddable":true,"href":"https:\/\/www.caftan4you.com\/de\/wp-json\/wp\/v2\/product_cat?post=7664"},{"taxonomy":"product_tag","embeddable":true,"href":"https:\/\/www.caftan4you.com\/de\/wp-json\/wp\/v2\/product_tag?post=7664"}],"curies":[{"name":"wp","href":"https:\/\/api.w.org\/{rel}","templated":true}]}}