{"id":6938,"date":"2019-10-01T07:08:59","date_gmt":"2019-10-01T06:08:59","guid":{"rendered":"https:\/\/www.caftan4you.com\/?post_type=product&#038;p=6938"},"modified":"2023-04-15T17:31:41","modified_gmt":"2023-04-15T16:31:41","slug":"djellaba-imprimee-grise","status":"publish","type":"product","link":"https:\/\/www.caftan4you.com\/de\/product\/djellaba-bedruckt-grau\/","title":{"rendered":"Djellaba Safari"},"content":{"rendered":"","protected":false},"excerpt":{"rendered":"<p>Djellaba mit Kapuze und langen \u00c4rmeln aus einem grauen bedruckten Stoff im Safari-Stil, Sfifa und rotem Aakad.<\/p>","protected":false},"featured_media":6946,"comment_status":"open","ping_status":"closed","template":"","meta":{"_seopress_robots_primary_cat":"86","_seopress_titles_title":"Djellaba Grise avec tissu imprim\u00e9 style Safari par Caftan4You","_seopress_titles_desc":"Djellaba \u00e0 capuche et manches longues dans un tissu imprim\u00e9e gris dans un style safari, sfifa et aakad rouge.","_seopress_robots_index":""},"product_cat":[86],"product_tag":[],"class_list":{"0":"post-6938","1":"product","2":"type-product","3":"status-publish","4":"has-post-thumbnail","6":"product_cat-djellaba-femme","7":"pa_marque-caftan-prestige","9":"first","10":"outofstock","11":"taxable","12":"shipping-taxable","13":"purchasable","14":"product-type-variable","15":"has-default-attributes","swatches":"rey-swatches","show_selected":"rey-swatches--show-selected--name","stretch_labels":"rey-swatches--stretch-labels"},"acf":[],"_links":{"self":[{"href":"https:\/\/www.caftan4you.com\/de\/wp-json\/wp\/v2\/product\/6938","targetHints":{"allow":["GET"]}}],"collection":[{"href":"https:\/\/www.caftan4you.com\/de\/wp-json\/wp\/v2\/product"}],"about":[{"href":"https:\/\/www.caftan4you.com\/de\/wp-json\/wp\/v2\/types\/product"}],"replies":[{"embeddable":true,"href":"https:\/\/www.caftan4you.com\/de\/wp-json\/wp\/v2\/comments?post=6938"}],"wp:featuredmedia":[{"embeddable":true,"href":"https:\/\/www.caftan4you.com\/de\/wp-json\/wp\/v2\/media\/6946"}],"wp:attachment":[{"href":"https:\/\/www.caftan4you.com\/de\/wp-json\/wp\/v2\/media?parent=6938"}],"wp:term":[{"taxonomy":"product_cat","embeddable":true,"href":"https:\/\/www.caftan4you.com\/de\/wp-json\/wp\/v2\/product_cat?post=6938"},{"taxonomy":"product_tag","embeddable":true,"href":"https:\/\/www.caftan4you.com\/de\/wp-json\/wp\/v2\/product_tag?post=6938"}],"curies":[{"name":"wp","href":"https:\/\/api.w.org\/{rel}","templated":true}]}}