{"id":6929,"date":"2019-09-30T21:04:40","date_gmt":"2019-09-30T20:04:40","guid":{"rendered":"https:\/\/www.caftan4you.com\/?post_type=product&#038;p=6929"},"modified":"2023-04-15T17:31:27","modified_gmt":"2023-04-15T16:31:27","slug":"djellaba-marocaine-ete","status":"publish","type":"product","link":"https:\/\/www.caftan4you.com\/de\/product\/djellaba-marokkanisch-sommer\/","title":{"rendered":"Djellaba Sunshine"},"content":{"rendered":"","protected":false},"excerpt":{"rendered":"<p>Djellaba mit Kapuze und 3\/4-\u00c4rmeln aus einem bedruckten Stoff im Sommerstil, Sfifa und Aakad in T\u00fcrkisblau.<\/p>","protected":false},"featured_media":6937,"comment_status":"open","ping_status":"closed","template":"","meta":{"_seopress_robots_primary_cat":"86","_seopress_titles_title":"Djellaba manche courte parfaite pour l&#039;\u00e9t\u00e9 Marocaine par Caftan4You","_seopress_titles_desc":"Djellaba \u00e0 capuche et manches 3\/4 dans un tissu imprim\u00e9e dans un style \u00e9t\u00e9, sfifa et aakad bleu turquoise.","_seopress_robots_index":""},"product_cat":[86],"product_tag":[],"class_list":{"0":"post-6929","1":"product","2":"type-product","3":"status-publish","4":"has-post-thumbnail","6":"product_cat-djellaba-femme","7":"pa_marque-caftan-prestige","9":"first","10":"outofstock","11":"taxable","12":"shipping-taxable","13":"purchasable","14":"product-type-variable","15":"has-default-attributes","swatches":"rey-swatches","show_selected":"rey-swatches--show-selected--name","stretch_labels":"rey-swatches--stretch-labels"},"acf":[],"_links":{"self":[{"href":"https:\/\/www.caftan4you.com\/de\/wp-json\/wp\/v2\/product\/6929","targetHints":{"allow":["GET"]}}],"collection":[{"href":"https:\/\/www.caftan4you.com\/de\/wp-json\/wp\/v2\/product"}],"about":[{"href":"https:\/\/www.caftan4you.com\/de\/wp-json\/wp\/v2\/types\/product"}],"replies":[{"embeddable":true,"href":"https:\/\/www.caftan4you.com\/de\/wp-json\/wp\/v2\/comments?post=6929"}],"wp:featuredmedia":[{"embeddable":true,"href":"https:\/\/www.caftan4you.com\/de\/wp-json\/wp\/v2\/media\/6937"}],"wp:attachment":[{"href":"https:\/\/www.caftan4you.com\/de\/wp-json\/wp\/v2\/media?parent=6929"}],"wp:term":[{"taxonomy":"product_cat","embeddable":true,"href":"https:\/\/www.caftan4you.com\/de\/wp-json\/wp\/v2\/product_cat?post=6929"},{"taxonomy":"product_tag","embeddable":true,"href":"https:\/\/www.caftan4you.com\/de\/wp-json\/wp\/v2\/product_tag?post=6929"}],"curies":[{"name":"wp","href":"https:\/\/api.w.org\/{rel}","templated":true}]}}