{"id":5821,"date":"2019-07-10T18:41:51","date_gmt":"2019-07-10T17:41:51","guid":{"rendered":"https:\/\/www.caftan4you.com\/?post_type=product&#038;p=5821"},"modified":"2023-04-15T16:55:23","modified_gmt":"2023-04-15T15:55:23","slug":"djellaba-blanche-maroc","status":"publish","type":"product","link":"https:\/\/www.caftan4you.com\/de\/product\/djellaba-weis-marokko\/","title":{"rendered":"Wei\u00dfer Djellaba Sonia"},"content":{"rendered":"","protected":false},"excerpt":{"rendered":"<p>Djellaba mit Kapuze und langen \u00c4rmeln, hergestellt aus einem Stoff aus mlifa (Baumwolle) von Liliane.<br \/>\nEs ist auf der B\u00fcste und an den \u00c4rmeln mit h\u00fcbschen Stickereien in Rosa und T\u00fcrkisblau verziert.<\/p>","protected":false},"featured_media":6952,"comment_status":"open","ping_status":"closed","template":"","meta":{"_seopress_robots_primary_cat":"86","_seopress_titles_title":"Djellaba Blanche en Coton avec Broderies par Caftan4You","_seopress_titles_desc":"Djellaba \u00e0 capuche et manches longues, faite d\u2019un tissu en mlifa (coton) de chez Liliane. Elle est agr\u00e9ment\u00e9e sur le buste et les manches de jolie broderie rose et bleu turquoise.","_seopress_robots_index":""},"product_cat":[86],"product_tag":[],"class_list":{"0":"post-5821","1":"product","2":"type-product","3":"status-publish","4":"has-post-thumbnail","6":"product_cat-djellaba-femme","7":"pa_marque-caftan-prestige","9":"first","10":"outofstock","11":"taxable","12":"shipping-taxable","13":"purchasable","14":"product-type-variable","15":"has-default-attributes","swatches":"rey-swatches","show_selected":"rey-swatches--show-selected--name","stretch_labels":"rey-swatches--stretch-labels"},"acf":[],"_links":{"self":[{"href":"https:\/\/www.caftan4you.com\/de\/wp-json\/wp\/v2\/product\/5821","targetHints":{"allow":["GET"]}}],"collection":[{"href":"https:\/\/www.caftan4you.com\/de\/wp-json\/wp\/v2\/product"}],"about":[{"href":"https:\/\/www.caftan4you.com\/de\/wp-json\/wp\/v2\/types\/product"}],"replies":[{"embeddable":true,"href":"https:\/\/www.caftan4you.com\/de\/wp-json\/wp\/v2\/comments?post=5821"}],"wp:featuredmedia":[{"embeddable":true,"href":"https:\/\/www.caftan4you.com\/de\/wp-json\/wp\/v2\/media\/6952"}],"wp:attachment":[{"href":"https:\/\/www.caftan4you.com\/de\/wp-json\/wp\/v2\/media?parent=5821"}],"wp:term":[{"taxonomy":"product_cat","embeddable":true,"href":"https:\/\/www.caftan4you.com\/de\/wp-json\/wp\/v2\/product_cat?post=5821"},{"taxonomy":"product_tag","embeddable":true,"href":"https:\/\/www.caftan4you.com\/de\/wp-json\/wp\/v2\/product_tag?post=5821"}],"curies":[{"name":"wp","href":"https:\/\/api.w.org\/{rel}","templated":true}]}}