{"id":4233,"date":"2019-05-06T13:09:46","date_gmt":"2019-05-06T12:09:46","guid":{"rendered":"https:\/\/www.caftan4you.com\/?post_type=product&#038;p=4233"},"modified":"2023-04-15T17:32:50","modified_gmt":"2023-04-15T16:32:50","slug":"djellaba-bleu-maroc","status":"publish","type":"product","link":"https:\/\/www.caftan4you.com\/de\/product\/djellaba-blau-marokko\/","title":{"rendered":"Djellaba Blau Nada"},"content":{"rendered":"","protected":false},"excerpt":{"rendered":"<p>Nachtblaue Djellaba mit Kapuze aus einem Stoff aus mlifa (Baumwolle) von Liliane.<br \/>\nIn einem schlichten und modernen Stil ist es auf der B\u00fcste und den \u00c4rmeln mit h\u00fcbschen grauen und beigen Stickereien verziert.<\/p>","protected":false},"featured_media":6908,"comment_status":"open","ping_status":"closed","template":"","meta":{"_seopress_robots_primary_cat":"86","_seopress_titles_title":"Djellaba Bleu Nuit Marocaine par Caftan4You","_seopress_titles_desc":"Djellaba noire \u00e0 capuche faite d&#039;un tissu en mlifa (coton) de chez Liliane.Dans un style sobre et moderne elle est agr\u00e9ment\u00e9e sur le buste et les manches de jolie broderie grise et beige.","_seopress_robots_index":""},"product_cat":[86],"product_tag":[],"class_list":{"0":"post-4233","1":"product","2":"type-product","3":"status-publish","4":"has-post-thumbnail","6":"product_cat-djellaba-femme","7":"pa_marque-caftan-prestige","9":"first","10":"outofstock","11":"taxable","12":"shipping-taxable","13":"purchasable","14":"product-type-variable","15":"has-default-attributes","swatches":"rey-swatches","show_selected":"rey-swatches--show-selected--name","stretch_labels":"rey-swatches--stretch-labels"},"acf":[],"_links":{"self":[{"href":"https:\/\/www.caftan4you.com\/de\/wp-json\/wp\/v2\/product\/4233","targetHints":{"allow":["GET"]}}],"collection":[{"href":"https:\/\/www.caftan4you.com\/de\/wp-json\/wp\/v2\/product"}],"about":[{"href":"https:\/\/www.caftan4you.com\/de\/wp-json\/wp\/v2\/types\/product"}],"replies":[{"embeddable":true,"href":"https:\/\/www.caftan4you.com\/de\/wp-json\/wp\/v2\/comments?post=4233"}],"wp:featuredmedia":[{"embeddable":true,"href":"https:\/\/www.caftan4you.com\/de\/wp-json\/wp\/v2\/media\/6908"}],"wp:attachment":[{"href":"https:\/\/www.caftan4you.com\/de\/wp-json\/wp\/v2\/media?parent=4233"}],"wp:term":[{"taxonomy":"product_cat","embeddable":true,"href":"https:\/\/www.caftan4you.com\/de\/wp-json\/wp\/v2\/product_cat?post=4233"},{"taxonomy":"product_tag","embeddable":true,"href":"https:\/\/www.caftan4you.com\/de\/wp-json\/wp\/v2\/product_tag?post=4233"}],"curies":[{"name":"wp","href":"https:\/\/api.w.org\/{rel}","templated":true}]}}