{"id":4544,"date":"2019-05-07T09:50:29","date_gmt":"2019-05-07T08:50:29","guid":{"rendered":"https:\/\/www.caftan4you.com\/?page_id=4544"},"modified":"2023-06-22T18:19:06","modified_gmt":"2023-06-22T17:19:06","slug":"conditions-generales-de-vente","status":"publish","type":"page","link":"https:\/\/www.caftan4you.com\/de\/allgemeine-verkaufsbedingungen\/","title":{"rendered":"Allgemeine Verkaufsbedingungen"},"content":{"rendered":"<h2 style=\"text-align: center; font-size: 30px; line-height: 35px;\">Allgemeine Verkaufsbedingungen<\/h2>\n<p><strong>Artikel 1 - Allgemeines<\/strong><\/p>\n<p>Die vorliegenden Allgemeinen Gesch\u00e4ftsbedingungen des Unternehmens Caftan4You legen die Rechte und Pflichten der Parteien im Rahmen des Verkaufs von Produkten durch Caftan4You an Kunden der Website www.caftan4you.com fest.<br \/>\nDas Mitglied erkl\u00e4rt, dass es diese zur Kenntnis genommen hat und die damit verbundenen Rechte und Pflichten akzeptiert.<\/p>\n<p>Jede Bestellung, die \u00fcber die Dienste get\u00e4tigt wird, unterliegt den vorliegenden Bedingungen.<\/p>\n<p><strong>Artikel 2 - Bestellmodalit\u00e4ten und Preise<\/strong><\/p>\n<p>Sie haben die M\u00f6glichkeit, \u00fcber https:\/\/www.caftan4you.com zu bestellen.<\/p>\n<p>Der Kunde versichert, dass er voll berechtigt ist, seine Zahlungskarte oder sein PayPal-Konto f\u00fcr die Bezahlung seiner Bestellung zu verwenden.<br \/>\nIndem der Kunde w\u00e4hrend des Bestellvorgangs auf die Schaltfl\u00e4che \"Bestellen\" klickt und nachdem er in seinem \"Warenkorb\" den Inhalt der Bestellung \u00fcberpr\u00fcft hat, erkl\u00e4rt er, dass er die vorliegenden Allgemeinen Gesch\u00e4ftsbedingungen akzeptiert.<\/p>\n<p>Nachdem der Kunde den Inhalt seiner Bestellung best\u00e4tigt hat, wird diese durch die Zahlung endg\u00fcltig best\u00e4tigt. Die Bestellung ist erst nach der Zahlung des entsprechenden Preises endg\u00fcltig. Caftan4You wird die Bestellung und anschlie\u00dfend den Versand per E-Mail best\u00e4tigen.<br \/>\nDer f\u00fcr jedes Produkt angegebene Preis versteht sich inklusive aller Steuern und Abgaben und die Versandkosten werden vor der endg\u00fcltigen Best\u00e4tigung der Bestellung angegeben.<\/p>\n<p><strong>Artikel 3 - Verf\u00fcgbarkeit von Produkten<\/strong><\/p>\n<p>Unsere Artikel werden innerhalb von 1 bis 3 Tagen weltweit ausgeliefert.<\/p>\n<p>Sie haben die M\u00f6glichkeit, f\u00fcr Produkte, die nicht mehr auf Lager sind, eine Vorbestellung aufzugeben, was uns zu nichts verpflichtet. Sie werden per E-Mail benachrichtigt, sobald das Produkt wieder verf\u00fcgbar ist.<\/p>\n<p><strong>Artikel 4 - Widerrufsrecht<\/strong><\/p>\n<p>Wenn Sie mit dem\/den gekauften Produkt(en) nicht vollst\u00e4ndig zufrieden sind, k\u00f6nnen Sie Ihre Bestellung innerhalb von 15 Tagen nach Erhalt des Pakets stornieren und an uns zur\u00fccksenden. Es versteht sich von selbst, dass getragene Artikel unter keinen Umst\u00e4nden zur\u00fcckerstattet werden. Reklamationen, die nach Ablauf dieser Frist eingereicht werden, werden ohne Einspruchsm\u00f6glichkeit abgelehnt.<\/p>\n<p>Die R\u00fcckerstattung des Artikels erfolgt innerhalb von 15 Tagen.<\/p>\n<p><strong>Artikel 5 - Zahlung<\/strong><\/p>\n<p>Die Bezahlung der Eink\u00e4ufe kann mit einer Zahlungskarte \u00fcber Stripe oder PayPal erfolgen.<br \/>\nDie derzeit akzeptierten Zahlungskarten sind: CB, Visa, MasterCard.<br \/>\nDie Bestellung gilt als wirksam, sobald die Zustimmung der Bankzahlungszentren best\u00e4tigt wurde.<\/p>\n<p>Die gesamte Zahlungsphase findet zwischen Ihnen und Stripe oder Paypal statt. W\u00e4hrend der Zahlungsphase per Kreditkarte verlassen Sie vor\u00fcbergehend unsere Website.<\/p>\n<p>Dies ist die Garantie, dass Caftan4You niemals Ihre Kartennummer erf\u00e4hrt, und dass die Zahlungsorganisation nichts \u00fcber die Details Ihres Einkaufs erfahren kann, da ihr nur der Gesamtbetrag und die Bestellnummer \u00fcbermittelt werden.<\/p>\n<p>Die Zahlung kann auch per Bank\u00fcberweisung erfolgen. In diesem Fall wird Ihre Bestellung drei Tage lang reserviert, damit Sie uns die \u00dcberweisung zukommen lassen k\u00f6nnen. Sie erhalten per E-Mail die Daten unserer Bank (RIB), sobald die R\u00fccklagen auf unserem Konto sind, wird Ihre Bestellung best\u00e4tigt.<\/p>\n<p><strong>Artikel 6 - Lieferung<\/strong><\/p>\n<p>Die Bestellungen werden nach Eingang der Zahlung vorbereitet und an die vom Kunden angegebene Adresse geliefert.<\/p>\n<p>Wenn Sie bei der Zustellung Ihres Pakets nicht anwesend sind, k\u00f6nnen Sie es mithilfe eines Benachrichtigungsscheins am Postschalter oder in einem Relais-Punkt abholen.<\/p>\n<p>Die Versandkosten richten sich nach Ihrem Wohnort und dem Gewicht Ihrer Artikel.<\/p>\n<p>Aufgrund der Qualit\u00e4t der Verpackungen ist es sehr unwahrscheinlich, dass ein Paket besch\u00e4digt wird. Sollte dies dennoch der Fall sein, k\u00f6nnen Sie die Annahme verweigern: Die Post wird das besch\u00e4digte Paket an uns zur\u00fcckschicken und wir werden Ihnen ein neues, identisches Paket nachsenden.<\/p>\n<p>Beim Versand einer Bestellung weist Caftan4You darauf hin, dass eine Originalrechnung, die die Lieferkosten und die Mehrwertsteuer enth\u00e4lt, online auf der Webseite unter \"Mein Konto\" zug\u00e4nglich ist.<\/p>\n<p>Im Falle einer Lieferverz\u00f6gerung kann der Kunde den Kundenservice von Caftan4You kontaktieren, indem er eine E-Mail an contact@caftan4you.com schreibt.<\/p>\n<p><strong>Artikel 7 - Garantien<\/strong><\/p>\n<p>Gesetzliche Garantie (1641 ff. des B\u00fcrgerlichen Gesetzbuchs)<\/p>\n<p>7.1 Caftan4You verpflichtet sich, entweder dem Kunden den Preis des Produkts zu erstatten, oder das Produkt des Kunden gegen ein Produkt auszutauschen, solange der Vorrat reicht, oder ein Produkt gegen ein Produkt von gleicher Qualit\u00e4t und gleichem Preis auszutauschen, solange der Vorrat reicht, im Falle der Lieferung eines nicht konformen Produkts (Artikel 4 oben) und im Falle der Lieferung eines Produkts, das einen versteckten Mangel offenbart.<\/p>\n<p>F\u00fcr alle Anfragen dieser Art sollte der Kunde den Kundenservice per E-Mail an contact@caftan4you.com kontaktieren.<\/p>\n<p>Diese Bestimmungen schlie\u00dfen das in Artikel 4 definierte Widerrufsrecht nicht aus.<\/p>\n<p>7.2 - F\u00fcr alle unsere nach Ma\u00df gefertigten Produkte gilt das Widerrufsrecht nicht gem\u00e4\u00df Artikel L 121-20 des Verbraucherschutzgesetzes in der Fassung der Verordnung Nr. 2001-741 vom 23. August 2001, wonach die Widerrufsfrist sieben (7) Tage betr\u00e4gt und der Widerruf insbesondere ausgeschlossen ist (Artikel 121-20.2 dritter Absatz) f\u00fcr Vertr\u00e4ge \u00fcber die Lieferung von Waren, die deutlich personalisiert oder nach den Spezifikationen des Verbrauchers angefertigt wurden, d. h. insbesondere f\u00fcr Ma\u00dfanfertigungen und Artikel, die nicht den Standardma\u00dfen entsprechen. Die Widerrufsfrist gilt nicht f\u00fcr Ma\u00dfanfertigungen (Sondergr\u00f6\u00dfen...), alle nicht standardm\u00e4\u00dfigen Artikel und Artikel mit spezifischen Erg\u00e4nzungen oder \u00c4nderungen.<\/p>\n<p>Artikel L211-4 Franz\u00f6sisches Verbrauchergesetzbuch<\/p>\n<p>Der Verk\u00e4ufer ist verpflichtet, ein vertragskonformes Gut zu liefern und haftet f\u00fcr die bei der Lieferung vorhandenen Konformit\u00e4tsm\u00e4ngel. Er haftet auch f\u00fcr Konformit\u00e4tsm\u00e4ngel, die sich aus der Verpackung, der Montageanleitung oder der Installation ergeben, wenn diese durch den Vertrag zu seinen Lasten ging oder unter seiner Verantwortung durchgef\u00fchrt wurde.<\/p>\n<p>Anmerkung: Ordonnance 2005-136 2005-02-17 art. 5: Die Bestimmungen dieser Verordnung gelten f\u00fcr Vertr\u00e4ge, die nach ihrem Inkrafttreten geschlossen werden.<\/p>\n<p>Artikel L211-5 Verbrauchergesetzbuch Um vertragskonform zu sein, muss die Ware :<\/p>\n<p>1\u00b0 - sich f\u00fcr den Gebrauch eignen, der gew\u00f6hnlich von einem \u00e4hnlichen Gut erwartet wird, und, falls zutreffend :<\/p>\n<p>- der vom Verk\u00e4ufer gegebenen Beschreibung entsprechen und die Qualit\u00e4ten besitzen, die er dem K\u00e4ufer in Form einer Probe oder eines Modells pr\u00e4sentiert hat<\/p>\n<p>- die Qualit\u00e4ten aufweisen, die ein K\u00e4ufer unter Ber\u00fccksichtigung der \u00f6ffentlichen Erkl\u00e4rungen des Verk\u00e4ufers, des Herstellers oder seines Vertreters, insbesondere in der Werbung oder auf dem Etikett, berechtigterweise erwarten darf<\/p>\n<p>2\u00b0 - Oder die von den Parteien einvernehmlich festgelegten Merkmale aufweisen oder f\u00fcr jeden vom K\u00e4ufer gew\u00fcnschten speziellen Zweck geeignet sein, der dem Verk\u00e4ufer zur Kenntnis gebracht wurde und den dieser akzeptiert hat.<\/p>\n<p>Anmerkung: Ordonnance 2005-136 2005-02-17 art. 5: Die Bestimmungen dieser Verordnung gelten f\u00fcr Vertr\u00e4ge, die nach ihrem Inkrafttreten geschlossen werden.<\/p>\n<p>Artikel L211-12 Verbrauchergesetzbuch<\/p>\n<p>Die Klage, die sich aus der Vertragswidrigkeit ergibt, verj\u00e4hrt zwei Jahre nach der Lieferung des Gutes.<\/p>\n<p>Artikel 1641 Franz\u00f6sisches Zivilgesetzbuch<\/p>\n<p>Der Verk\u00e4ufer ist verpflichtet, die Garantie f\u00fcr verborgene M\u00e4ngel der verkauften Sache zu \u00fcbernehmen, die sie f\u00fcr den vorgesehenen Zweck ungeeignet machen oder diesen Zweck so sehr beeintr\u00e4chtigen, dass der K\u00e4ufer sie nicht erworben oder nur einen geringeren Preis daf\u00fcr bezahlt h\u00e4tte, wenn er sie gekannt h\u00e4tte.<\/p>\n<p>Artikel 1648 Absatz 1 Zivilgesetzbuch<\/p>\n<p>Die Klage aufgrund von Sachm\u00e4ngeln muss vom Erwerber innerhalb von zwei Jahren nach der Entdeckung des Mangels erhoben werden.<\/p>\n<p><strong>Artikel 8 - \u00c4nderung der Allgemeinen Gesch\u00e4ftsbedingungen<\/strong><\/p>\n<p>Caftan4You beh\u00e4lt sich das Recht vor, die vorliegenden Allgemeinen Gesch\u00e4ftsbedingungen zu \u00e4ndern.<\/p>\n<p><strong>Artikel 9 - Pers\u00f6nliche Daten<\/strong><\/p>\n<p>Caftan4You sammelt nur die Daten, die f\u00fcr die ordnungsgem\u00e4\u00dfe Bearbeitung der Kundenauftr\u00e4ge erforderlich sind.<\/p>\n<p>All diese Informationen werden nicht an Dritte weitergegeben:<\/p>\n<p>- Die Informationen, die Sie beim Ausf\u00fcllen verschiedener Formulare angeben (Abonnement des Newsletters, Registrierung Ihres Online-Kaufs, Abgabe einer Bestellung, Kontaktaufnahme).<\/p>\n<p>- Informationen \u00fcber Ihre Ger\u00e4te (IP-Adresse, Betriebssystem, Ihr Browsertyp...).<\/p>\n<p>Die Gesamtheit der gesammelten Daten erm\u00f6glicht es uns, Ihnen Sonderangebote zu unterbreiten und Sie laufend \u00fcber \u00c4nderungen und Verbesserungen unserer Angebote und Dienstleistungen zu informieren.<\/p>\n<p>Gem\u00e4\u00df dem franz\u00f6sischen Datenschutzgesetz vom 6. Januar 1978 haben Sie ein Recht auf Zugang, Berichtigung und Widerspruch zu den Sie betreffenden personenbezogenen Daten. Wenn Sie m\u00f6chten, dass Ihre Daten nicht anderweitig genutzt werden, m\u00fcssen Sie uns dies schriftlich (oder per E-Mail) mitteilen und uns Ihren Namen, Vornamen, Ihre E-Mail-Adresse und Ihre vollst\u00e4ndige Anschrift mitteilen.<\/p>\n<p><strong>Artikel 10. Verschiedenes<\/strong><\/p>\n<p>Sollte eine der Bestimmungen der Allgemeinen Gesch\u00e4ftsbedingungen durch eine gerichtliche Entscheidung als rechtswidrig oder nicht einklagbar angesehen werden, bleiben die \u00fcbrigen Bestimmungen in Kraft.<\/p>\n<p>In Anwendung der Artikel 1316 ff. des Zivilgesetzbuches und gegebenenfalls des Artikels L.110-3 des Handelsgesetzbuches sind die von der Website gelieferten Informationen zwischen den Parteien verbindlich.<\/p>\n<p><strong>Artikel 11. Recht - Streitigkeit<\/strong><\/p>\n<p>Die vorliegenden Allgemeinen Gesch\u00e4ftsbedingungen in franz\u00f6sischer Sprache werden gem\u00e4\u00df dem franz\u00f6sischen Recht ausgef\u00fchrt und ausgelegt.<\/p>\n<p>Im Falle eines Rechtsstreits wendet sich der Kunde vorrangig an Caftan4You, um eine g\u00fctliche L\u00f6sung zu finden.<\/p>\n<p>Andernfalls sind die franz\u00f6sischen Gerichte zust\u00e4ndig.<\/p>","protected":false},"excerpt":{"rendered":"<p>Conditions G\u00e9n\u00e9rales de Vente Article 1 &#8211; G\u00e9n\u00e9ralit\u00e9s Les pr\u00e9sentes conditions g\u00e9n\u00e9rales de vente de la soci\u00e9t\u00e9 Caftan4You d\u00e9finissent les droits et obligations des parties dans le cadre de la vente de produits par Caftan4You aux clients du site www.caftan4you.com Le Membre d\u00e9clare en avoir pris connaissance et accept\u00e9 les droits et obligations y aff\u00e9rents. [&hellip;]<\/p>","protected":false},"author":3,"featured_media":0,"parent":0,"menu_order":0,"comment_status":"closed","ping_status":"closed","template":"","meta":{"_seopress_robots_primary_cat":"","_seopress_titles_title":"","_seopress_titles_desc":"","_seopress_robots_index":"yes","footnotes":""},"class_list":["post-4544","page","type-page","status-publish"],"acf":[],"_links":{"self":[{"href":"https:\/\/www.caftan4you.com\/de\/wp-json\/wp\/v2\/pages\/4544","targetHints":{"allow":["GET"]}}],"collection":[{"href":"https:\/\/www.caftan4you.com\/de\/wp-json\/wp\/v2\/pages"}],"about":[{"href":"https:\/\/www.caftan4you.com\/de\/wp-json\/wp\/v2\/types\/page"}],"author":[{"embeddable":true,"href":"https:\/\/www.caftan4you.com\/de\/wp-json\/wp\/v2\/users\/3"}],"replies":[{"embeddable":true,"href":"https:\/\/www.caftan4you.com\/de\/wp-json\/wp\/v2\/comments?post=4544"}],"version-history":[{"count":4,"href":"https:\/\/www.caftan4you.com\/de\/wp-json\/wp\/v2\/pages\/4544\/revisions"}],"predecessor-version":[{"id":60715,"href":"https:\/\/www.caftan4you.com\/de\/wp-json\/wp\/v2\/pages\/4544\/revisions\/60715"}],"wp:attachment":[{"href":"https:\/\/www.caftan4you.com\/de\/wp-json\/wp\/v2\/media?parent=4544"}],"curies":[{"name":"wp","href":"https:\/\/api.w.org\/{rel}","templated":true}]}}